{"id":566,"date":"2019-12-11T12:03:23","date_gmt":"2019-12-11T12:03:23","guid":{"rendered":"https:\/\/athinarooms.gr\/terms-and-conditions\/"},"modified":"2020-02-07T12:29:47","modified_gmt":"2020-02-07T10:29:47","slug":"termini-e-condizioni","status":"publish","type":"page","link":"https:\/\/athinarooms.gr\/it\/termini-e-condizioni\/","title":{"rendered":"TERMINI E CONDIZIONI"},"content":{"rendered":"<h2>POLITICHE DI PROPRIET\u00c0<\/h2>\n<ul>\n<li>Check-In time: 14:00 \u2022 Check-Out time: 11:00<\/li>\n<li>Se desideri cancellare una prenotazione esistente, ti preghiamo di contattarci a info@athinarooms.gr<\/li>\n<li>Se desideri modificare una prenotazione esistente, ti preghiamo di contattarci all&#8217;indirizzo info@athinarooms.gr<\/li>\n<\/ul>\n<p>La tua richiesta verr\u00e0 elaborata e se \u00e8 conforme alle politiche di cancellazione per il servizio prenotato rimborseremo l&#8217;importo corrispondente sulla tua carta di credito.<\/p>\n<h2>Termine speciale per i bambini:<\/h2>\n<p>\u2022Le prenotazioni possono essere effettuate solo da ospiti di et\u00e0 pari o superiore a 18 anni. Al momento dell&#8217;arrivo presso la struttura, nessun ospite di et\u00e0 inferiore a 18 anni potr\u00e0 soggiornare senza essere accompagnato da un ospite di et\u00e0 pari o superiore a 18 anni.<\/p>\n<h2>POLITICA DI CANCELLAZIONE DELL&#8217;IMMOBILE<\/h2>\n<ul>\n<li>Le cancellazioni effettuate oltre (28) giorni prima della data di arrivo comportano l&#8217;addebito del (30%) del prezzo del noleggio.<\/li>\n<li>Le cancellazioni effettuate fino a (28) giorni prima della data di arrivo comportano l&#8217;addebito del (60%) del prezzo del noleggio.<\/li>\n<li>Le cancellazioni effettuate fino a (14) giorni prima della data di arrivo sarannoincur a (80%) charge of the rental price.<\/li>\n<li>In caso di cancellazione a meno di (14) giorni prima della data di arrivo o in caso di mancato arrivo, verr\u00e0 addebitato un costo (del 100%) del prezzo del noleggio.<\/li>\n<\/ul>\n<h2>DICHIARAZIONE SULLA PROTEZIONE DEI DATI PERSONALI &#8211; POLITICA SULLA SICUREZZA E SULLA PRIVACY<\/h2>\n<p>Con la presente desideriamo informarLa che la nostra azienda \u00e8 conforme al quadro di protezione delle persone fisiche con riguardo al trattamento dei dati personali, come stabilito dal nuovo Regolamento (UE) 2016\/679 del Parlamento Europeo.<br \/>\nI dati personali sono definiti come informazioni che possono essere utilizzate per identificarti, come il tuo nome, indirizzo e-mail, indirizzo postale, ecc. La nostra societ\u00e0 non raccoglie i tuoi dati personali a meno che tu non li abbia forniti esplicitamente per uno scopo specifico e ai sensi della condizione che tu abbia acconsentito al loro utilizzo.<br \/>\nLa societ\u00e0 memorizza i tuoi dati personali al fine di aggiornare il libro di registrazione dei clienti, mantenendo ci\u00f2 che \u00e8 obbligatorio per legge, e li utilizza solo se acconsenti a ricevere newsletter (modulo di valutazione, offerte speciali ecc.).<br \/>\nLa societ\u00e0 si riserva il diritto di divulgare le informazioni che ti riguardano se la legge lo richiede o se tale divulgazione \u00e8 richiesta dalle autorit\u00e0 governative competenti, autorit\u00e0 amministrative o forze dell&#8217;ordine.<br \/>\nLa societ\u00e0 garantisce che non trasmetter\u00e0, condivider\u00e0, divulgher\u00e0 i dati personali dell&#8217;utente a terzi per alcuno scopo o utilizzo, ma pu\u00f2 inviarti newsletter via e-mail.<\/p>\n","protected":false},"excerpt":{"rendered":"<p>POLITICHE DI PROPRIET\u00c0 Check-In time: 14:00 \u2022 Check-Out time: 11:00 Se desideri cancellare una prenotazione esistente, ti preghiamo di contattarci a info@athinarooms.gr Se desideri modificare una prenotazione esistente, ti preghiamo di contattarci all&#8217;indirizzo info@athinarooms.gr La tua richiesta verr\u00e0 elaborata e se \u00e8 conforme alle politiche di cancellazione per il servizio prenotato rimborseremo l&#8217;importo corrispondente sulla [&hellip;]<\/p>\n","protected":false},"author":1,"featured_media":0,"parent":0,"menu_order":0,"comment_status":"closed","ping_status":"closed","template":"","meta":{"footnotes":""},"class_list":["post-566","page","type-page","status-publish","hentry"],"yoast_head":"<!-- This site is optimized with the Yoast SEO plugin v27.6 - https:\/\/yoast.com\/product\/yoast-seo-wordpress\/ -->\n<title>TERMINI E CONDIZIONI - ATHINA LOUNGE APPARTMENTS PAROS<\/title>\n<meta name=\"robots\" content=\"index, follow, max-snippet:-1, max-image-preview:large, max-video-preview:-1\" \/>\n<link rel=\"canonical\" href=\"https:\/\/athinarooms.gr\/it\/termini-e-condizioni\/\" \/>\n<meta property=\"og:locale\" content=\"it_IT\" \/>\n<meta property=\"og:type\" content=\"article\" \/>\n<meta property=\"og:title\" content=\"TERMINI E CONDIZIONI - ATHINA LOUNGE APPARTMENTS PAROS\" \/>\n<meta property=\"og:description\" content=\"POLITICHE DI PROPRIET\u00c0 Check-In time: 14:00 \u2022 Check-Out time: 11:00 Se desideri cancellare una prenotazione esistente, ti preghiamo di contattarci a info@athinarooms.gr Se desideri modificare una prenotazione esistente, ti preghiamo di contattarci all&#8217;indirizzo info@athinarooms.gr La tua richiesta verr\u00e0 elaborata e se \u00e8 conforme alle politiche di cancellazione per il servizio prenotato rimborseremo l&#8217;importo corrispondente sulla [&hellip;]\" \/>\n<meta property=\"og:url\" content=\"https:\/\/athinarooms.gr\/it\/termini-e-condizioni\/\" \/>\n<meta property=\"og:site_name\" content=\"ATHINA LOUNGE APPARTMENTS PAROS\" \/>\n<meta property=\"article:modified_time\" content=\"2020-02-07T10:29:47+00:00\" \/>\n<meta name=\"twitter:card\" content=\"summary_large_image\" \/>\n<meta name=\"twitter:label1\" content=\"Tempo di lettura stimato\" \/>\n\t<meta name=\"twitter:data1\" content=\"2 minuti\" \/>\n<script type=\"application\/ld+json\" class=\"yoast-schema-graph\">{\"@context\":\"https:\\\/\\\/schema.org\",\"@graph\":[{\"@type\":\"WebPage\",\"@id\":\"https:\\\/\\\/athinarooms.gr\\\/it\\\/termini-e-condizioni\\\/\",\"url\":\"https:\\\/\\\/athinarooms.gr\\\/it\\\/termini-e-condizioni\\\/\",\"name\":\"TERMINI E CONDIZIONI - ATHINA LOUNGE APPARTMENTS PAROS\",\"isPartOf\":{\"@id\":\"https:\\\/\\\/athinarooms.gr\\\/#website\"},\"datePublished\":\"2019-12-11T12:03:23+00:00\",\"dateModified\":\"2020-02-07T10:29:47+00:00\",\"breadcrumb\":{\"@id\":\"https:\\\/\\\/athinarooms.gr\\\/it\\\/termini-e-condizioni\\\/#breadcrumb\"},\"inLanguage\":\"it-IT\",\"potentialAction\":[{\"@type\":\"ReadAction\",\"target\":[\"https:\\\/\\\/athinarooms.gr\\\/it\\\/termini-e-condizioni\\\/\"]}]},{\"@type\":\"BreadcrumbList\",\"@id\":\"https:\\\/\\\/athinarooms.gr\\\/it\\\/termini-e-condizioni\\\/#breadcrumb\",\"itemListElement\":[{\"@type\":\"ListItem\",\"position\":1,\"name\":\"Home\",\"item\":\"https:\\\/\\\/athinarooms.gr\\\/it\\\/\"},{\"@type\":\"ListItem\",\"position\":2,\"name\":\"TERMINI E CONDIZIONI\"}]},{\"@type\":\"WebSite\",\"@id\":\"https:\\\/\\\/athinarooms.gr\\\/#website\",\"url\":\"https:\\\/\\\/athinarooms.gr\\\/\",\"name\":\"ATHINA LOUNGE APPARTMENTS PAROS\",\"description\":\"\u03a4\u03bf ATHINA LOUNGE APPARTMENTS \u03b2\u03c1\u03af\u03c3\u03ba\u03b5\u03c4\u03b1\u03b9 \u03c3\u03c4\u03b7\u03bd \u03a0\u03b1\u03c1\u03bf\u03b9\u03ba\u03b9\u03ac \u03c4\u03b7\u03bd \u03c0\u03c1\u03c9\u03c4\u03b5\u03cd\u03bf\u03c5\u03c3\u03b1 \u03c4\u03bf\u03c5 \u03bd\u03b7\u03c3\u03b9\u03bf\u03cd \u03c0\u03b5\u03c1\u03af\u03c0\u03bf\u03c5 650\u03bc \u03b1\u03c0\u03cc \u03c4\u03bf \u03bb\u03b9\u03bc\u03ac\u03bd\u03b9.\",\"potentialAction\":[{\"@type\":\"SearchAction\",\"target\":{\"@type\":\"EntryPoint\",\"urlTemplate\":\"https:\\\/\\\/athinarooms.gr\\\/?s={search_term_string}\"},\"query-input\":{\"@type\":\"PropertyValueSpecification\",\"valueRequired\":true,\"valueName\":\"search_term_string\"}}],\"inLanguage\":\"it-IT\"}]}<\/script>\n<!-- \/ Yoast SEO plugin. -->","yoast_head_json":{"title":"TERMINI E CONDIZIONI - ATHINA LOUNGE APPARTMENTS PAROS","robots":{"index":"index","follow":"follow","max-snippet":"max-snippet:-1","max-image-preview":"max-image-preview:large","max-video-preview":"max-video-preview:-1"},"canonical":"https:\/\/athinarooms.gr\/it\/termini-e-condizioni\/","og_locale":"it_IT","og_type":"article","og_title":"TERMINI E CONDIZIONI - ATHINA LOUNGE APPARTMENTS PAROS","og_description":"POLITICHE DI PROPRIET\u00c0 Check-In time: 14:00 \u2022 Check-Out time: 11:00 Se desideri cancellare una prenotazione esistente, ti preghiamo di contattarci a info@athinarooms.gr Se desideri modificare una prenotazione esistente, ti preghiamo di contattarci all&#8217;indirizzo info@athinarooms.gr La tua richiesta verr\u00e0 elaborata e se \u00e8 conforme alle politiche di cancellazione per il servizio prenotato rimborseremo l&#8217;importo corrispondente sulla [&hellip;]","og_url":"https:\/\/athinarooms.gr\/it\/termini-e-condizioni\/","og_site_name":"ATHINA LOUNGE APPARTMENTS PAROS","article_modified_time":"2020-02-07T10:29:47+00:00","twitter_card":"summary_large_image","twitter_misc":{"Tempo di lettura stimato":"2 minuti"},"schema":{"@context":"https:\/\/schema.org","@graph":[{"@type":"WebPage","@id":"https:\/\/athinarooms.gr\/it\/termini-e-condizioni\/","url":"https:\/\/athinarooms.gr\/it\/termini-e-condizioni\/","name":"TERMINI E CONDIZIONI - ATHINA LOUNGE APPARTMENTS PAROS","isPartOf":{"@id":"https:\/\/athinarooms.gr\/#website"},"datePublished":"2019-12-11T12:03:23+00:00","dateModified":"2020-02-07T10:29:47+00:00","breadcrumb":{"@id":"https:\/\/athinarooms.gr\/it\/termini-e-condizioni\/#breadcrumb"},"inLanguage":"it-IT","potentialAction":[{"@type":"ReadAction","target":["https:\/\/athinarooms.gr\/it\/termini-e-condizioni\/"]}]},{"@type":"BreadcrumbList","@id":"https:\/\/athinarooms.gr\/it\/termini-e-condizioni\/#breadcrumb","itemListElement":[{"@type":"ListItem","position":1,"name":"Home","item":"https:\/\/athinarooms.gr\/it\/"},{"@type":"ListItem","position":2,"name":"TERMINI E CONDIZIONI"}]},{"@type":"WebSite","@id":"https:\/\/athinarooms.gr\/#website","url":"https:\/\/athinarooms.gr\/","name":"ATHINA LOUNGE APPARTMENTS PAROS","description":"\u03a4\u03bf ATHINA LOUNGE APPARTMENTS \u03b2\u03c1\u03af\u03c3\u03ba\u03b5\u03c4\u03b1\u03b9 \u03c3\u03c4\u03b7\u03bd \u03a0\u03b1\u03c1\u03bf\u03b9\u03ba\u03b9\u03ac \u03c4\u03b7\u03bd \u03c0\u03c1\u03c9\u03c4\u03b5\u03cd\u03bf\u03c5\u03c3\u03b1 \u03c4\u03bf\u03c5 \u03bd\u03b7\u03c3\u03b9\u03bf\u03cd \u03c0\u03b5\u03c1\u03af\u03c0\u03bf\u03c5 650\u03bc \u03b1\u03c0\u03cc \u03c4\u03bf \u03bb\u03b9\u03bc\u03ac\u03bd\u03b9.","potentialAction":[{"@type":"SearchAction","target":{"@type":"EntryPoint","urlTemplate":"https:\/\/athinarooms.gr\/?s={search_term_string}"},"query-input":{"@type":"PropertyValueSpecification","valueRequired":true,"valueName":"search_term_string"}}],"inLanguage":"it-IT"}]}},"_links":{"self":[{"href":"https:\/\/athinarooms.gr\/it\/wp-json\/wp\/v2\/pages\/566","targetHints":{"allow":["GET"]}}],"collection":[{"href":"https:\/\/athinarooms.gr\/it\/wp-json\/wp\/v2\/pages"}],"about":[{"href":"https:\/\/athinarooms.gr\/it\/wp-json\/wp\/v2\/types\/page"}],"author":[{"embeddable":true,"href":"https:\/\/athinarooms.gr\/it\/wp-json\/wp\/v2\/users\/1"}],"replies":[{"embeddable":true,"href":"https:\/\/athinarooms.gr\/it\/wp-json\/wp\/v2\/comments?post=566"}],"version-history":[{"count":2,"href":"https:\/\/athinarooms.gr\/it\/wp-json\/wp\/v2\/pages\/566\/revisions"}],"predecessor-version":[{"id":568,"href":"https:\/\/athinarooms.gr\/it\/wp-json\/wp\/v2\/pages\/566\/revisions\/568"}],"wp:attachment":[{"href":"https:\/\/athinarooms.gr\/it\/wp-json\/wp\/v2\/media?parent=566"}],"curies":[{"name":"wp","href":"https:\/\/api.w.org\/{rel}","templated":true}]}}