{"id":556,"date":"2020-02-04T04:21:05","date_gmt":"2020-02-04T02:21:05","guid":{"rendered":"https:\/\/athinarooms.gr\/about-us\/"},"modified":"2020-02-07T18:19:13","modified_gmt":"2020-02-07T16:19:13","slug":"host","status":"publish","type":"page","link":"https:\/\/athinarooms.gr\/it\/host\/","title":{"rendered":"HOST"},"content":{"rendered":"<div class=\"wpb-content-wrapper\">[vc_row][vc_column][vc_single_image image=&#8221;161&#8243; img_size=&#8221;1200&#215;450&#8243; alignment=&#8221;center&#8221;][\/vc_column][\/vc_row][vc_row][vc_column width=&#8221;1\/4&#8243;][\/vc_column][vc_column width=&#8221;3\/4&#8243;][vc_column_text css=&#8221;.vc_custom_1581070105786{margin-bottom: 0px !important;}&#8221;]\n<h3>Qualche parola su di noi &#8230;<\/h3>\n[\/vc_column_text][\/vc_column][\/vc_row][vc_row css=&#8221;.vc_custom_1580783195838{padding-top: 20px !important;padding-bottom: 35px !important;}&#8221;][vc_column width=&#8221;1\/4&#8243;][mk_circle_image src=&#8221;https:\/\/athinarooms.gr\/wp-content\/uploads\/2020\/02\/giannis-mary.jpg&#8221; image_diameter=&#8221;258&#8243;][vc_column_text css=&#8221;.vc_custom_1580783001925{margin-bottom: 0px !important;}&#8221;]\n<p style=\"text-align: center;\">Giannis &#8211; Mary<\/p>\n[\/vc_column_text][\/vc_column][vc_column width=&#8221;3\/4&#8243;][vc_column_text css=&#8221;.vc_custom_1581070170353{margin-bottom: 0px !important;}&#8221;]Sei anni fa una pigra colazione con vista sulla barca in partenza da Paros abbiamo deciso di metterci in gioco con l&#8217;azienda di famiglia. Quindi abbiamo iniziato a ristrutturare le nostre strutture con le nostre mani e solo con l&#8217;aiuto del fondale, della corda, dei ciottoli e delle conchiglie dell&#8217;isola. Il risultato \u00e8 magico e trasuda l&#8217;aura dell&#8217;isola che stai cercando in vacanza.<\/p>\n<p>Il nostro obiettivo \u00e8 far conoscere ai nostri visitatori le parti pi\u00f9 belle dell&#8217;isola e trascorrere le loro vacanze mescolate a sabbia e sale. La nostra ricetta \u00e8 semplice ma essenziale, pensiamo a cosa vorremmo che ci offrissero durante le nostre vacanze e lo facciamo per tutti. Sogni con flebo di brezza dell&#8217;isola.<\/p>\n<p>Il nostro quartiere \u00e8 magico, siamo nel centro di Parikia ma lontano dal rumore dell&#8217;autostrada. Un respiro lontano dalla spiaggia e ristoranti, caff\u00e8, bar e deliziose taverne di pesce.[\/vc_column_text][\/vc_column][\/vc_row][vc_row][vc_column width=&#8221;1\/5&#8243;][\/vc_column][vc_column width=&#8221;1\/5&#8243;][\/vc_column][vc_column width=&#8221;1\/5&#8243;][vc_column_text]\n<h4 style=\"text-align: center;\">Follow us<\/h4>\n[\/vc_column_text][mk_social_networks size=&#8221;x-large&#8221; style=&#8221;circle&#8221; margin=&#8221;0&#8243; align=&#8221;center&#8221; facebook=&#8221;https:\/\/www.facebook.com\/Athina-Lounge-apartments-Motorbikes-rental-68483661781\/&#8221;][\/vc_column][vc_column width=&#8221;1\/5&#8243;][\/vc_column][vc_column width=&#8221;1\/5&#8243;][\/vc_column][\/vc_row][vc_row css=&#8221;.vc_custom_1580785399673{padding-top: 20px !important;}&#8221;][vc_column width=&#8221;1\/2&#8243;][vc_single_image image=&#8221;74&#8243; img_size=&#8221;900&#215;900&#8243; alignment=&#8221;center&#8221; css_animation=&#8221;slideInLeft&#8221;][\/vc_column][vc_column width=&#8221;1\/2&#8243;][vc_single_image image=&#8221;122&#8243; img_size=&#8221;900&#215;900&#8243; alignment=&#8221;center&#8221; css_animation=&#8221;slideInRight&#8221;][\/vc_column][\/vc_row]\n<\/div>","protected":false},"excerpt":{"rendered":"<p>[vc_row][vc_column][vc_single_image image=&#8221;161&#8243; img_size=&#8221;1200&#215;450&#8243; alignment=&#8221;center&#8221;][\/vc_column][\/vc_row][vc_row][vc_column width=&#8221;1\/4&#8243;][\/vc_column][vc_column width=&#8221;3\/4&#8243;][vc_column_text css=&#8221;.vc_custom_1581070105786{margin-bottom: 0px !important;}&#8221;] Qualche parola su di noi &#8230; [\/vc_column_text][\/vc_column][\/vc_row][vc_row css=&#8221;.vc_custom_1580783195838{padding-top: 20px !important;padding-bottom: 35px !important;}&#8221;][vc_column width=&#8221;1\/4&#8243;][mk_circle_image src=&#8221;https:\/\/athinarooms.gr\/wp-content\/uploads\/2020\/02\/giannis-mary.jpg&#8221; image_diameter=&#8221;258&#8243;][vc_column_text css=&#8221;.vc_custom_1580783001925{margin-bottom: 0px !important;}&#8221;] Giannis &#8211; Mary [\/vc_column_text][\/vc_column][vc_column width=&#8221;3\/4&#8243;][vc_column_text css=&#8221;.vc_custom_1581070170353{margin-bottom: 0px !important;}&#8221;]Sei anni fa una pigra colazione con vista sulla barca in partenza da Paros abbiamo deciso di metterci in gioco con [&hellip;]<\/p>\n","protected":false},"author":1,"featured_media":0,"parent":0,"menu_order":0,"comment_status":"closed","ping_status":"closed","template":"","meta":{"footnotes":""},"class_list":["post-556","page","type-page","status-publish","hentry"],"yoast_head":"<!-- This site is optimized with the Yoast SEO plugin v27.4 - https:\/\/yoast.com\/product\/yoast-seo-wordpress\/ -->\n<title>HOST - ATHINA LOUNGE APPARTMENTS PAROS<\/title>\n<meta name=\"robots\" content=\"index, follow, max-snippet:-1, max-image-preview:large, max-video-preview:-1\" \/>\n<link rel=\"canonical\" href=\"https:\/\/athinarooms.gr\/it\/host\/\" \/>\n<meta property=\"og:locale\" content=\"it_IT\" \/>\n<meta property=\"og:type\" content=\"article\" \/>\n<meta property=\"og:title\" content=\"HOST - ATHINA LOUNGE APPARTMENTS PAROS\" \/>\n<meta property=\"og:description\" content=\"[vc_row][vc_column][vc_single_image image=&#8221;161&#8243; img_size=&#8221;1200&#215;450&#8243; alignment=&#8221;center&#8221;][\/vc_column][\/vc_row][vc_row][vc_column width=&#8221;1\/4&#8243;][\/vc_column][vc_column width=&#8221;3\/4&#8243;][vc_column_text css=&#8221;.vc_custom_1581070105786{margin-bottom: 0px !important;}&#8221;] Qualche parola su di noi &#8230; [\/vc_column_text][\/vc_column][\/vc_row][vc_row css=&#8221;.vc_custom_1580783195838{padding-top: 20px !important;padding-bottom: 35px !important;}&#8221;][vc_column width=&#8221;1\/4&#8243;][mk_circle_image src=&#8221;https:\/\/athinarooms.gr\/wp-content\/uploads\/2020\/02\/giannis-mary.jpg&#8221; image_diameter=&#8221;258&#8243;][vc_column_text css=&#8221;.vc_custom_1580783001925{margin-bottom: 0px !important;}&#8221;] Giannis &#8211; Mary [\/vc_column_text][\/vc_column][vc_column width=&#8221;3\/4&#8243;][vc_column_text css=&#8221;.vc_custom_1581070170353{margin-bottom: 0px !important;}&#8221;]Sei anni fa una pigra colazione con vista sulla barca in partenza da Paros abbiamo deciso di metterci in gioco con [&hellip;]\" \/>\n<meta property=\"og:url\" content=\"https:\/\/athinarooms.gr\/it\/host\/\" \/>\n<meta property=\"og:site_name\" content=\"ATHINA LOUNGE APPARTMENTS PAROS\" \/>\n<meta property=\"article:modified_time\" content=\"2020-02-07T16:19:13+00:00\" \/>\n<meta name=\"twitter:card\" content=\"summary_large_image\" \/>\n<meta name=\"twitter:label1\" content=\"Tempo di lettura stimato\" \/>\n\t<meta name=\"twitter:data1\" content=\"2 minuti\" \/>\n<script type=\"application\/ld+json\" class=\"yoast-schema-graph\">{\"@context\":\"https:\\\/\\\/schema.org\",\"@graph\":[{\"@type\":\"WebPage\",\"@id\":\"https:\\\/\\\/athinarooms.gr\\\/it\\\/host\\\/\",\"url\":\"https:\\\/\\\/athinarooms.gr\\\/it\\\/host\\\/\",\"name\":\"HOST - ATHINA LOUNGE APPARTMENTS PAROS\",\"isPartOf\":{\"@id\":\"https:\\\/\\\/athinarooms.gr\\\/#website\"},\"datePublished\":\"2020-02-04T02:21:05+00:00\",\"dateModified\":\"2020-02-07T16:19:13+00:00\",\"breadcrumb\":{\"@id\":\"https:\\\/\\\/athinarooms.gr\\\/it\\\/host\\\/#breadcrumb\"},\"inLanguage\":\"it-IT\",\"potentialAction\":[{\"@type\":\"ReadAction\",\"target\":[\"https:\\\/\\\/athinarooms.gr\\\/it\\\/host\\\/\"]}]},{\"@type\":\"BreadcrumbList\",\"@id\":\"https:\\\/\\\/athinarooms.gr\\\/it\\\/host\\\/#breadcrumb\",\"itemListElement\":[{\"@type\":\"ListItem\",\"position\":1,\"name\":\"Home\",\"item\":\"https:\\\/\\\/athinarooms.gr\\\/it\\\/\"},{\"@type\":\"ListItem\",\"position\":2,\"name\":\"HOST\"}]},{\"@type\":\"WebSite\",\"@id\":\"https:\\\/\\\/athinarooms.gr\\\/#website\",\"url\":\"https:\\\/\\\/athinarooms.gr\\\/\",\"name\":\"ATHINA LOUNGE APPARTMENTS PAROS\",\"description\":\"\u03a4\u03bf ATHINA LOUNGE APPARTMENTS \u03b2\u03c1\u03af\u03c3\u03ba\u03b5\u03c4\u03b1\u03b9 \u03c3\u03c4\u03b7\u03bd \u03a0\u03b1\u03c1\u03bf\u03b9\u03ba\u03b9\u03ac \u03c4\u03b7\u03bd \u03c0\u03c1\u03c9\u03c4\u03b5\u03cd\u03bf\u03c5\u03c3\u03b1 \u03c4\u03bf\u03c5 \u03bd\u03b7\u03c3\u03b9\u03bf\u03cd \u03c0\u03b5\u03c1\u03af\u03c0\u03bf\u03c5 650\u03bc \u03b1\u03c0\u03cc \u03c4\u03bf \u03bb\u03b9\u03bc\u03ac\u03bd\u03b9.\",\"potentialAction\":[{\"@type\":\"SearchAction\",\"target\":{\"@type\":\"EntryPoint\",\"urlTemplate\":\"https:\\\/\\\/athinarooms.gr\\\/?s={search_term_string}\"},\"query-input\":{\"@type\":\"PropertyValueSpecification\",\"valueRequired\":true,\"valueName\":\"search_term_string\"}}],\"inLanguage\":\"it-IT\"}]}<\/script>\n<!-- \/ Yoast SEO plugin. -->","yoast_head_json":{"title":"HOST - ATHINA LOUNGE APPARTMENTS PAROS","robots":{"index":"index","follow":"follow","max-snippet":"max-snippet:-1","max-image-preview":"max-image-preview:large","max-video-preview":"max-video-preview:-1"},"canonical":"https:\/\/athinarooms.gr\/it\/host\/","og_locale":"it_IT","og_type":"article","og_title":"HOST - ATHINA LOUNGE APPARTMENTS PAROS","og_description":"[vc_row][vc_column][vc_single_image image=&#8221;161&#8243; img_size=&#8221;1200&#215;450&#8243; alignment=&#8221;center&#8221;][\/vc_column][\/vc_row][vc_row][vc_column width=&#8221;1\/4&#8243;][\/vc_column][vc_column width=&#8221;3\/4&#8243;][vc_column_text css=&#8221;.vc_custom_1581070105786{margin-bottom: 0px !important;}&#8221;] Qualche parola su di noi &#8230; [\/vc_column_text][\/vc_column][\/vc_row][vc_row css=&#8221;.vc_custom_1580783195838{padding-top: 20px !important;padding-bottom: 35px !important;}&#8221;][vc_column width=&#8221;1\/4&#8243;][mk_circle_image src=&#8221;https:\/\/athinarooms.gr\/wp-content\/uploads\/2020\/02\/giannis-mary.jpg&#8221; image_diameter=&#8221;258&#8243;][vc_column_text css=&#8221;.vc_custom_1580783001925{margin-bottom: 0px !important;}&#8221;] Giannis &#8211; Mary [\/vc_column_text][\/vc_column][vc_column width=&#8221;3\/4&#8243;][vc_column_text css=&#8221;.vc_custom_1581070170353{margin-bottom: 0px !important;}&#8221;]Sei anni fa una pigra colazione con vista sulla barca in partenza da Paros abbiamo deciso di metterci in gioco con [&hellip;]","og_url":"https:\/\/athinarooms.gr\/it\/host\/","og_site_name":"ATHINA LOUNGE APPARTMENTS PAROS","article_modified_time":"2020-02-07T16:19:13+00:00","twitter_card":"summary_large_image","twitter_misc":{"Tempo di lettura stimato":"2 minuti"},"schema":{"@context":"https:\/\/schema.org","@graph":[{"@type":"WebPage","@id":"https:\/\/athinarooms.gr\/it\/host\/","url":"https:\/\/athinarooms.gr\/it\/host\/","name":"HOST - ATHINA LOUNGE APPARTMENTS PAROS","isPartOf":{"@id":"https:\/\/athinarooms.gr\/#website"},"datePublished":"2020-02-04T02:21:05+00:00","dateModified":"2020-02-07T16:19:13+00:00","breadcrumb":{"@id":"https:\/\/athinarooms.gr\/it\/host\/#breadcrumb"},"inLanguage":"it-IT","potentialAction":[{"@type":"ReadAction","target":["https:\/\/athinarooms.gr\/it\/host\/"]}]},{"@type":"BreadcrumbList","@id":"https:\/\/athinarooms.gr\/it\/host\/#breadcrumb","itemListElement":[{"@type":"ListItem","position":1,"name":"Home","item":"https:\/\/athinarooms.gr\/it\/"},{"@type":"ListItem","position":2,"name":"HOST"}]},{"@type":"WebSite","@id":"https:\/\/athinarooms.gr\/#website","url":"https:\/\/athinarooms.gr\/","name":"ATHINA LOUNGE APPARTMENTS PAROS","description":"\u03a4\u03bf ATHINA LOUNGE APPARTMENTS \u03b2\u03c1\u03af\u03c3\u03ba\u03b5\u03c4\u03b1\u03b9 \u03c3\u03c4\u03b7\u03bd \u03a0\u03b1\u03c1\u03bf\u03b9\u03ba\u03b9\u03ac \u03c4\u03b7\u03bd \u03c0\u03c1\u03c9\u03c4\u03b5\u03cd\u03bf\u03c5\u03c3\u03b1 \u03c4\u03bf\u03c5 \u03bd\u03b7\u03c3\u03b9\u03bf\u03cd \u03c0\u03b5\u03c1\u03af\u03c0\u03bf\u03c5 650\u03bc \u03b1\u03c0\u03cc \u03c4\u03bf \u03bb\u03b9\u03bc\u03ac\u03bd\u03b9.","potentialAction":[{"@type":"SearchAction","target":{"@type":"EntryPoint","urlTemplate":"https:\/\/athinarooms.gr\/?s={search_term_string}"},"query-input":{"@type":"PropertyValueSpecification","valueRequired":true,"valueName":"search_term_string"}}],"inLanguage":"it-IT"}]}},"_links":{"self":[{"href":"https:\/\/athinarooms.gr\/it\/wp-json\/wp\/v2\/pages\/556","targetHints":{"allow":["GET"]}}],"collection":[{"href":"https:\/\/athinarooms.gr\/it\/wp-json\/wp\/v2\/pages"}],"about":[{"href":"https:\/\/athinarooms.gr\/it\/wp-json\/wp\/v2\/types\/page"}],"author":[{"embeddable":true,"href":"https:\/\/athinarooms.gr\/it\/wp-json\/wp\/v2\/users\/1"}],"replies":[{"embeddable":true,"href":"https:\/\/athinarooms.gr\/it\/wp-json\/wp\/v2\/comments?post=556"}],"version-history":[{"count":3,"href":"https:\/\/athinarooms.gr\/it\/wp-json\/wp\/v2\/pages\/556\/revisions"}],"predecessor-version":[{"id":585,"href":"https:\/\/athinarooms.gr\/it\/wp-json\/wp\/v2\/pages\/556\/revisions\/585"}],"wp:attachment":[{"href":"https:\/\/athinarooms.gr\/it\/wp-json\/wp\/v2\/media?parent=556"}],"curies":[{"name":"wp","href":"https:\/\/api.w.org\/{rel}","templated":true}]}}